{"id":1845,"date":"2025-09-30T13:41:17","date_gmt":"2025-09-30T11:41:17","guid":{"rendered":"http:\/\/dev.produktionshausnaxos.de\/about-us\/vermietung\/"},"modified":"2025-10-01T23:03:35","modified_gmt":"2025-10-01T21:03:35","slug":"vermietung","status":"publish","type":"page","link":"https:\/\/produktionshausnaxos.de\/en\/about-us\/vermietung\/","title":{"rendered":"Space rental"},"content":{"rendered":"<h1><strong>Die Naxos-Halle:<br \/>\nein besonderer Ort f\u00fcr Kultur in Frankfurt<\/strong><\/h1>\n<p>Suchen Sie einen Ort f\u00fcr Feste und Veranstaltungen?<br \/>\nEinen Ort mit Geschichte und vielen M\u00f6glichkeiten?<br \/>\nDann ist die Naxos-Halle genau richtig f\u00fcr Sie.<\/p>\n<p>Die Naxos-Halle ist ein altes Fabrik-Geb\u00e4ude.<br \/>\nDie Fabrik geh\u00f6rte fr\u00fcher zur Firma NAXOS-Union.<br \/>\nSie wurde im Jahr 1906 gebaut.<br \/>\nUnd liegt im Osten von Frankfurt.<\/p>\n<p>Heute ist die NAXOS-Halle ein Kultur-Ort.<br \/>\nDie Fabrik-Halle macht eine besondere Stimmung.<br \/>\nHier kann Vieles stattfinden:<\/p>\n<ul>\n<li>Tanz und Theater<\/li>\n<li>Konzerte<\/li>\n<li>Tagungen<\/li>\n<li>Preis-Verleihungen.<\/li>\n<\/ul>\n<p>&nbsp;<\/p>\n<p>Die Naxos-Halle ist sehr gro\u00df: \u00fcber 2 Tausend Quadratmeter!<br \/>\nDas ist so gro\u00df wie mehrere Turnhallen.<br \/>\nAuch die R\u00e4ume sind gro\u00df.<br \/>\nUnd man kann mehrere R\u00e4ume miteinander verbinden.<br \/>\nEs gibt auch moderne Technik.<\/p>\n<p>Sie erreichen die Naxos-Halle auch gut mit Bus und Bahn.<\/p>\n<p>Lernen Sie die Naxos-Halle kennen.<br \/>\nPlanen Sie Ihre Veranstaltung bei uns!<\/p>\n<p>Das macht uns aus<\/p>\n<ul>\n<li><strong>Alter Fabrik-Bau: <\/strong><br \/>\nDie hohen und offenen R\u00e4ume schaffen eine besondere Stimmung.<\/li>\n<li><strong>Viele R\u00e4ume zu einem gro\u00dfen Raum verbinden:<br \/>\n<\/strong>Die R\u00e4ume im Erdgeschoss kann man verbinden.<br \/>\nSo passen sie f\u00fcr Veranstaltungen mit 10 bis 199 Personen.<br \/>\nAlle R\u00e4ume sind im Erdgeschoss.<br \/>\nDer Probe-Raum und der Umkleide-Raum sind im ersten Stock.<br \/>\nEs gibt nur Treppen und <strong><em>keinen<\/em><\/strong><\/li>\n<li><strong>Hilfe bei Veranstaltungen: <\/strong><br \/>\nUnser Team hilft Ihnen bei der Planung.<br \/>\nWir setzen Ihre W\u00fcnsche genau um.<br \/>\nSo wird Ihre Veranstaltung wunderbar!<\/li>\n<li><strong>Moderne Technik:<br \/>\n<\/strong>Wir haben moderne Technik f\u00fcr Licht, Ton und Video.<br \/>\nUnser Technik-Team hilft Ihnen gerne.<\/li>\n<li><strong>Wichtiger Kultur-Ort: <\/strong><br \/>\nDie Naxos-Halle ist bekannt.<br \/>\nHier finden viele wichtige Veranstaltungen statt.<\/li>\n<\/ul>\n<p>Unsere R\u00e4ume auf einen Blick:<\/p>\n<p><strong>Raum 1: Die Gro\u00dfe Halle<br \/>\n<\/strong>Die Gro\u00dfe Halle ist 1 Tausend 200 Quadratmeter gro\u00df.<br \/>\nSie hat <strong><em>keine<\/em><\/strong> Heizung.<br \/>\nHier passen bis zu 199 Personen hinein.<br \/>\nDie St\u00fchle kann man unterschiedlich anordnen.<br \/>\nDie Gro\u00dfe Halle ist gut f\u00fcr gro\u00dfe Veranstaltungen oder Konzerte.<\/p>\n<p><strong>Raum 2: Die Theaterbox<br \/>\n<\/strong>Die Theaterbox ist 180 Quadratmeter gro\u00df.<br \/>\nEs gibt eine Heizung.<br \/>\nAuf einer Trib\u00fcne gibt es 154 feste Sitzpl\u00e4tze.<br \/>\nDieser Raum ist besonders gut f\u00fcr Pr\u00e4sentationen.<\/p>\n<p><strong>Raum 3: Die Kleine Spielst\u00e4tte<br \/>\n<\/strong>Die Kleine Spielst\u00e4tte ist 120 Quadratmeter gro\u00df.<br \/>\nDer Raum hat eine Heizung.<br \/>\nIn diesem Raum gibt es bis zu 65 Sitzpl\u00e4tze ohne Stufen.<\/p>\n<p><strong>Raum 4: Die Eingangs-Halle<br \/>\n<\/strong>Die Eingangs-Halle ist 180 Quadratmeter gro\u00df.<br \/>\nSie kann teilweise beheizt werden.<br \/>\nHier gibt es bis zu 85 Sitzpl\u00e4tze.<br \/>\nDie Eingangs-Halle ist gut f\u00fcr Empf\u00e4nge oder als Pausen-Bereich.<\/p>\n<p><strong>Raum 5: Die K\u00fcnstler-Umkleide<br \/>\n<\/strong>Die K\u00fcnstler-Umkleide ist 40 Quadratmeter gro\u00df.<br \/>\nSie ist im ersten Stock.<br \/>\nHier haben bis zu 10 Personen Platz.<br \/>\nDie K\u00fcnstler und K\u00fcnstlerinnen bereiten sich hier auf ihre Auftritte vor.<br \/>\nIn der Umkleide ist auch eine Dusche.<\/p>\n<p><strong>Raum 6: Der Probe-Raum <\/strong><br \/>\nDer Probe-Raum ist 120 Quadratmeter gro\u00df.<br \/>\nEr hat eine Heizung.<br \/>\nDer Probe-Raum liegt auch im ersten Stock.<br \/>\nHier k\u00f6nnen sich bis zu 30 Personen aufhalten.<br \/>\nDer Probe-Raum ist besonders gut f\u00fcr Seminare oder Theater-Proben.<\/p>\n<p>So kommen Sie zur Naxos-Halle<\/p>\n<p>Sie erreichen die Naxos-Halle gut mit Bus und Bahn.<br \/>\nDie U-Bahn h\u00e4lt am <strong>Merianplatz<\/strong> und am <strong>Zoo.<\/strong><br \/>\nBeide Stationen sind ganz in der N\u00e4he.<br \/>\nDie Stra\u00dfenbahn h\u00e4lt an der <strong>Waldschmidtstra\u00dfe.<\/strong><br \/>\nVon dort sind es nur ein paar Minuten zu Fu\u00df.<\/p>\n<p>Wenn Sie mit dem Auto kommen:<br \/>\nDann gibt es in der N\u00e4he 2 Parkh\u00e4user.<br \/>\nDas <strong>Parkhaus Mousonturm <\/strong>ist direkt gegen\u00fcber.<br \/>\nAuch das <strong>Parkhaus City Ost<\/strong> ist gut zu Fu\u00df erreichbar.<\/p>\n<h2>F\u00fcr mehr Infos: Schreiben Sie uns!<\/h2>\n<p>Wir haben viele Infos f\u00fcr Sie.<br \/>\nWir zeigen Ihnen gerne Pl\u00e4ne von den R\u00e4umen.<br \/>\nUnd wir haben Beispiele: so kann man die R\u00e4ume nutzen.<\/p>\n<p>Schreiben Sie uns eine E-Mail an: <a href=\"mailto:vermietung@produktionshausnaxos.de\">vermietung@produktionshausnaxos.de<\/a>.<\/p>\n","protected":false},"excerpt":{"rendered":"<p>Die Naxos-Halle: ein besonderer Ort f\u00fcr Kultur in Frankfurt Suchen Sie einen Ort f\u00fcr Feste und Veranstaltungen? Einen Ort mit Geschichte und vielen M\u00f6glichkeiten? Dann ist die Naxos-Halle genau richtig f\u00fcr Sie. Die Naxos-Halle ist ein altes Fabrik-Geb\u00e4ude. Die Fabrik geh\u00f6rte fr\u00fcher zur Firma NAXOS-Union. Sie wurde im Jahr 1906 gebaut. Und liegt im Osten [&hellip;]<\/p>\n","protected":false},"author":4,"featured_media":0,"parent":424,"menu_order":27,"comment_status":"closed","ping_status":"closed","template":"blocks","meta":{"_acf_changed":false,"footnotes":""},"class_list":["post-1845","page","type-page","status-publish","hentry"],"acf":[],"_links":{"self":[{"href":"https:\/\/produktionshausnaxos.de\/en\/wp-json\/wp\/v2\/pages\/1845","targetHints":{"allow":["GET"]}}],"collection":[{"href":"https:\/\/produktionshausnaxos.de\/en\/wp-json\/wp\/v2\/pages"}],"about":[{"href":"https:\/\/produktionshausnaxos.de\/en\/wp-json\/wp\/v2\/types\/page"}],"author":[{"embeddable":true,"href":"https:\/\/produktionshausnaxos.de\/en\/wp-json\/wp\/v2\/users\/4"}],"replies":[{"embeddable":true,"href":"https:\/\/produktionshausnaxos.de\/en\/wp-json\/wp\/v2\/comments?post=1845"}],"version-history":[{"count":3,"href":"https:\/\/produktionshausnaxos.de\/en\/wp-json\/wp\/v2\/pages\/1845\/revisions"}],"predecessor-version":[{"id":1849,"href":"https:\/\/produktionshausnaxos.de\/en\/wp-json\/wp\/v2\/pages\/1845\/revisions\/1849"}],"up":[{"embeddable":true,"href":"https:\/\/produktionshausnaxos.de\/en\/wp-json\/wp\/v2\/pages\/424"}],"wp:attachment":[{"href":"https:\/\/produktionshausnaxos.de\/en\/wp-json\/wp\/v2\/media?parent=1845"}],"curies":[{"name":"wp","href":"https:\/\/api.w.org\/{rel}","templated":true}]}}