{"id":744,"date":"2024-11-08T09:40:27","date_gmt":"2024-11-08T08:40:27","guid":{"rendered":"https:\/\/naxos.ms-tmp.de\/?page_id=744"},"modified":"2025-10-01T19:41:11","modified_gmt":"2025-10-01T17:41:11","slug":"haus","status":"publish","type":"page","link":"https:\/\/produktionshausnaxos.de\/de-ls\/haus\/","title":{"rendered":"Haus"},"content":{"rendered":"<h1>Das Produktions-Haus NAXOS:<br \/>\nEin Ort f\u00fcr Freie K\u00fcnstler und K\u00fcnstlerinnen<\/h1>\n<p>Das Produktions-Haus NAXOS ist ein Ort f\u00fcr K\u00fcnstler und K\u00fcnstlerinnen. Die K\u00fcnstler und K\u00fcnstlerinnen besch\u00e4ftigen sich mit Themen aus der Gesellschaft.<\/p>\n<p>Hier gibt es:<\/p>\n<ul>\n<li>Theater<\/li>\n<li>Tanz<\/li>\n<li>Experimentelles Theater<\/li>\n<li>Konzerte<\/li>\n<li>Kino<\/li>\n<li>Diskussions-Veranstaltungen<\/li>\n<\/ul>\n<p>Die K\u00fcnstler-Gruppen haben alle eine klare Meinung.<br \/>\nStreit ist erlaubt und wichtig.<br \/>\nMan darf verschiedene Meinungen haben.<br \/>\nDas ist wichtig f\u00fcr das Zusammenarbeiten.<br \/>\nUnd es hilft auch bei der k\u00fcnstlerischen Arbeit.<br \/>\nWas hier entsteht: Das soll f\u00fcr alle Menschen wichtig sein.<\/p>\n<p>Alle K\u00fcnstler und K\u00fcnstlerinnen k\u00f6nnen hier selbstst\u00e4ndig arbeiten.<br \/>\nEs gibt keine feste Regeln.<br \/>\nAlle k\u00f6nnen mitgestalten.<\/p>\n<p>Die NAXOS-Halle ist eine alte Industrie-Halle ohne Zentral-Heizung.<br \/>\nDas hei\u00dft: Manche R\u00e4ume kann man <strong><em>nicht<\/em><\/strong> beheizen.<br \/>\nWenn man hier arbeitet:<br \/>\nMuss man flexibel sein, kreativ bleiben und mitmachen.<br \/>\nAuch wenn es mal kalt ist.<\/p>\n<h2>Entstehung und Leitung<\/h2>\n<p>Das Produktions-Haus NAXOS in Frankfurt bringt verschiedene Theater-Leute zusammen.<br \/>\nHier k\u00f6nnen sie neue Theater-St\u00fccke entwickeln.<\/p>\n<p>Diese Theater-Gruppen arbeiten schon lange in der NAXOS-Halle:<\/p>\n<ul>\n<li>Theater Willy Praml<\/li>\n<li>studioNAXOS: bis zum Jahr 2024<\/li>\n<li>Eleganz aus Reflex<\/li>\n<li>Stange Produktionen: bis zum Jahr 2023<\/li>\n<li><\/li>\n<\/ul>\n<p>Das Produktions-Haus NAXOS leiten zurzeit:<br \/>\nBirgit Heuser, Simon M\u00f6llendorf, Michael Weber und Nils Wildegans.<\/p>\n<h2>Mehr als Theater<\/h2>\n<p>Zum Produktions-Haus NAXOS geh\u00f6ren auch:<\/p>\n<ul>\n<li>das <strong>Kino<\/strong> und<\/li>\n<li>die <strong>Naxos Hallen-Konzerte<\/strong>.<\/li>\n<\/ul>\n<p>Dienstags zeigt das <strong>naxos.Kino<\/strong> Dokumentar-Filme.<br \/>\nDie Filme machen neugierig und laden zum Nachdenken ein.<br \/>\nNach den Filmen gibt es Gespr\u00e4che mit den Filme-Machern und Filme-Macherinnen.<br \/>\nOder mit Experten und Expertinnen.<br \/>\nSo erfahren die Zuschauer und Zuschauerinnen mehr \u00fcber wichtige Themen in der Gesellschaft.<\/p>\n<p>Die <strong>Naxos Hallen-Konzerte<\/strong> bieten jeden Monat Konzerte mit verschiedenen Musik-Richtungen:<br \/>\nKlassik, neue Musik und experimentelle elektronische Kl\u00e4nge.<br \/>\nDie Konzerte verbinden verschiedene Kunstformen miteinander.<\/p>\n<p>Selbstst\u00e4ndige Arbeitsweise<\/p>\n<p>Die K\u00fcnstler und K\u00fcnstlerinnen k\u00f6nnen bei uns selbstst\u00e4ndig arbeiten.<br \/>\nWir helfen ihnen bei Bedarf.<br \/>\nZum Beispiel: mit der Licht-Technik, mit dem Ton und beim B\u00fchnen-Aufbau.<br \/>\nWir helfen auch bei der Organisation der Proben und der Auff\u00fchrung.<\/p>\n<p>Entscheidungen treffen wir gemeinsam.<br \/>\nZum Beispiel bei unserem Programm mit freien Theater-Gruppen.<br \/>\nHier entscheidet eine Jury, wer mitmachen kann.<br \/>\nEine Jury besteht aus mehreren Personen, die zusammen ausw\u00e4hlen.<\/p>\n<p>Zu unserer Jury geh\u00f6ren 4 Personen:<\/p>\n<ul>\n<li>2 Personen aus dem Produktions-Haus NAXOS<\/li>\n<li>2 Personen von K\u00fcnstler-Verb\u00e4nden<\/li>\n<\/ul>\n<p>Wir arbeiten eng zusammen.<br \/>\nGegenseitiger Respekt ist uns wichtig.<\/p>\n<h2>Ein gemeinsames Haus mit vielen R\u00e4umen<\/h2>\n<p>Das Produktions-Haus NAXOS hat viele verschiedene R\u00e4ume.<br \/>\nZum Beispiel die gro\u00dfe Halle, einen Theaterraum und eine Bar.<\/p>\n<p>Die R\u00e4ume haben meistens Tageslicht.<br \/>\nMan kann das Licht auch abdunkeln.<br \/>\nOder auch einen Tanzboden einbauen.<\/p>\n<p>So sind viele verschiedene Veranstaltungen m\u00f6glich:<\/p>\n<ul>\n<li>Sprech-Theater<\/li>\n<li>Tanz<\/li>\n<li>Kino und Konzerte<\/li>\n<li>und andere Projekte.<\/li>\n<\/ul>\n<h2>Barrierefreiheit<\/h2>\n<p>Das Produktions-Haus NAXOS will f\u00fcr alle Menschen offen sein.<br \/>\nUnsere Angebote sollen f\u00fcr jede und jeden zug\u00e4nglich sein.<\/p>\n<p>Wir arbeiten eng mit Menschen mit verschiedenen Behinderungen zusammen.<br \/>\nDenn: Sie kennen sich am besten mit Barrieren aus.<br \/>\nWir sprechen auch mit Politikern und Politikerinnen,<br \/>\ndamit sie Angebote ohne Barrieren unterst\u00fctzen.<br \/>\nMehr Infos dazu finden Sie auf der Seite \u00fcber Barrierefreiheit: Link<\/p>\n<h2>Lage und Verantwortung<\/h2>\n<p>Die NAXOS-Halle befindet sich in Frankfurt.<br \/>\nIn der Halle gibt es:<\/p>\n<ul>\n<li>das Produktions-Haus NAXOS<\/li>\n<li>den Jugend-Laden NaxosAtelier<\/li>\n<li>das Atelier einer K\u00fcnstlerin<\/li>\n<li>und andere Projekte.<\/li>\n<\/ul>\n<p>Das ist besonders.<br \/>\nDenn so treffen Kunst, Menschen aus der Stadt und politische Themen zusammen.<\/p>\n<p>Das Produktions-Haus NAXOS unterst\u00fctzt die freie Kulturszene in Frankfurt und Hessen schon lange.<br \/>\nEs ist ein wichtiger Teil von Kultur-Politik.<\/p>\n<h2>NAXOS verbindet<\/h2>\n<p>Das Produktions-Haus NAXOS arbeitet mit vielen Gruppen zusammen.<br \/>\n<strong><em>Nicht<\/em><\/strong> nur in Hessen.<br \/>\nAuch in ganz Deutschland und im Ausland.<\/p>\n<p>Das Produktions-Haus NAXOS will,<br \/>\ndass Menschen gut zusammenarbeiten.<br \/>\nDas Produktions-Haus NAXOS unterst\u00fctzt Kunst,<br \/>\ndie \u00fcber wichtige Themen nachdenkt.<br \/>\nZum Beispiel: Wie wollen wir zusammenleben?<br \/>\nOder: Was muss sich in der Gesellschaft \u00e4ndern?<\/p>\n<h2>F\u00f6rderung<\/h2>\n<p>Das <strong>Kulturamt Frankfurt am Main<\/strong> unterst\u00fctzt das Produktions-Haus NAXOS.<\/p>\n<p>Und auch das Programm <strong>Next Steps<\/strong> f\u00f6rdert das Produktions-Haus NAXOS.<br \/>\nDas Programm <strong>Next Steps<\/strong> hilft T\u00e4nzern und T\u00e4nzerinnen in ganz Hessen.<br \/>\nEs macht ihre Arbeit st\u00e4rker und sichtbarer.<br \/>\nDie <strong>Crespo Foundation<\/strong> gibt Geld f\u00fcr dieses Programm.<br \/>\nSo bekommen viele T\u00e4nzer und T\u00e4nzerinnen Unterst\u00fctzung.<\/p>\n<p>Die <strong>Stadt Frankfurt am Main<\/strong> bezahlt unsere barrierefreie Internet-Seite.<br \/>\nGenauer gesagt: die Abteilung f\u00fcr Vielfalt, gegen Diskriminierung und \u00a0f\u00fcr gesellschaftlichen Zusammenhalt.<br \/>\nSo k\u00f6nnen mehr Menschen die Informationen gut nutzen.<\/p>\n<p>Au\u00dferdem geben auch andere Stellen Geld f\u00fcr einzelne Theater-St\u00fccke im Produktions-Haus NAXOS.<br \/>\nDie Geld-Geber sind:<\/p>\n<ul>\n<li>Kulturfonds Frankfurt Rhein Main<\/li>\n<li>Fonds Darstellende K\u00fcnste<\/li>\n<li>Hessisches Ministerium f\u00fcr Wissenschaft, Forschung, Kunst und Kultur<\/li>\n<li>Amt f\u00fcr multikulturelle Angelegenheiten<\/li>\n<li>Frauenreferat Frankfurt am Main<\/li>\n<li>Doktor Marschner Stiftung<\/li>\n<li>Naspa Stiftung.<\/li>\n<\/ul>\n<p>Wir arbeiten eng zusammen mit:<\/p>\n<ul>\n<li>Netzwerk Freie Theater<\/li>\n<li>Hessische Theaterakademie<\/li>\n<li>Japanisches Filmfestival Nippon Connection.<\/li>\n<\/ul>\n","protected":false},"excerpt":{"rendered":"<p>Das Produktions-Haus NAXOS: Ein Ort f\u00fcr Freie K\u00fcnstler und K\u00fcnstlerinnen Das Produktions-Haus NAXOS ist ein Ort f\u00fcr K\u00fcnstler und K\u00fcnstlerinnen. Die K\u00fcnstler und K\u00fcnstlerinnen besch\u00e4ftigen sich mit Themen aus der Gesellschaft. Hier gibt es: Theater Tanz Experimentelles Theater Konzerte Kino Diskussions-Veranstaltungen Die K\u00fcnstler-Gruppen haben alle eine klare Meinung. Streit ist erlaubt und wichtig. Man darf [&hellip;]<\/p>\n","protected":false},"author":4,"featured_media":0,"parent":0,"menu_order":19,"comment_status":"closed","ping_status":"closed","template":"blocks","meta":{"_acf_changed":false,"footnotes":""},"class_list":["post-744","page","type-page","status-publish","hentry"],"acf":[],"_links":{"self":[{"href":"https:\/\/produktionshausnaxos.de\/de-ls\/wp-json\/wp\/v2\/pages\/744","targetHints":{"allow":["GET"]}}],"collection":[{"href":"https:\/\/produktionshausnaxos.de\/de-ls\/wp-json\/wp\/v2\/pages"}],"about":[{"href":"https:\/\/produktionshausnaxos.de\/de-ls\/wp-json\/wp\/v2\/types\/page"}],"author":[{"embeddable":true,"href":"https:\/\/produktionshausnaxos.de\/de-ls\/wp-json\/wp\/v2\/users\/4"}],"replies":[{"embeddable":true,"href":"https:\/\/produktionshausnaxos.de\/de-ls\/wp-json\/wp\/v2\/comments?post=744"}],"version-history":[{"count":1,"href":"https:\/\/produktionshausnaxos.de\/de-ls\/wp-json\/wp\/v2\/pages\/744\/revisions"}],"predecessor-version":[{"id":745,"href":"https:\/\/produktionshausnaxos.de\/de-ls\/wp-json\/wp\/v2\/pages\/744\/revisions\/745"}],"wp:attachment":[{"href":"https:\/\/produktionshausnaxos.de\/de-ls\/wp-json\/wp\/v2\/media?parent=744"}],"curies":[{"name":"wp","href":"https:\/\/api.w.org\/{rel}","templated":true}]}}