{"id":441,"date":"2024-09-10T16:16:01","date_gmt":"2024-09-10T14:16:01","guid":{"rendered":"https:\/\/naxos.ms-tmp.de\/?page_id=441"},"modified":"2025-10-02T00:10:53","modified_gmt":"2025-10-01T22:10:53","slug":"datenschutz","status":"publish","type":"page","link":"https:\/\/produktionshausnaxos.de\/de-ls\/datenschutz\/","title":{"rendered":"Datenschutz"},"content":{"rendered":"<h3 class=\"wp-block-post-title\">Datenschutz<\/h3>\n<p>Wir informieren Sie nachfolgend gem\u00e4\u00df den gesetzlichen Vorgaben des Datenschutzrechts (insb. gem\u00e4\u00df BDSG n.F. und der europ\u00e4ischen Datenschutz-Grundverordnung \u201aDS-GVO\u2018) \u00fcber die Art, den Umfang und Zweck der Verarbeitung personenbezogener Daten durch unser Unternehmen. Diese Datenschutzerkl\u00e4rung gilt auch f\u00fcr unsere Websites und Sozial-Media-Profile. Bez\u00fcglich der Definition von Begriffen wie etwa \u201epersonenbezogene Daten\u201c oder \u201eVerarbeitung\u201c verweisen wir auf Art. 4 DS-GVO. Name und Kontaktdaten des \/ der Verantwortlichen Unser\/e Verantwortliche\/r (nachfolgend \u201eVerantwortlicher\u201c) i.S.d. Art. 4 Zif. 7 DS-GVO ist:<\/p>\n<div class=\"wp-block-spacer\" aria-hidden=\"true\"><\/div>\n<p>NAXOS e.V., Waldschmidtstr. 19, 60316 Frankfurt am Main<\/p>\n<p>E-Mail-Adresse: info@produktionshausnaxos.de<\/p>\n<p>Datenschutzbeauftragte\/r info@produktionshausnaxos.de<\/p>\n<div class=\"wp-block-spacer\" aria-hidden=\"true\"><\/div>\n<div class=\"wp-block-spacer\" aria-hidden=\"true\"><\/div>\n<p>Datenarten, Zwecke der Verarbeitung und Kategorien betroffener Personen Nachfolgend informieren wir Sie \u00fcber Art, Umfang und Zweck der Erhebung, Verarbeitung und Nutzung personenbezogener Daten.<\/p>\n<p>1. Arten der Daten, die wir verarbeiten Nutzungsdaten (Zugriffszeiten, besuchte Websites etc.), Bestandsdaten (Name, Adresse etc.), Kontaktdaten (Telefonnummer, E-Mail, Fax etc.), Inhaltsdaten (Texteingaben, Videos, Fotos etc.), Kommunikationsdaten (IP-Adresse etc.),<\/p>\n<p>2. Zwecke der Verarbeitung nach Art. 13 Abs. 1 c) DS-GVO Website technisch und wirtschaftlich optimieren, Leichten Zugang zur Website erm\u00f6glichen, Website benutzerfreundlich gestalten, Kontaktanfragen abwickeln,<\/p>\n<p>3. Kategorien der betroffenen Personen nach Art. 13 Abs. 1 e) DS-GVO Besucher\/Nutzer der Website, Die betroffenen Personen werden zusammenfassend als \u201eNutzer\u201c bezeichnet.<\/p>\n<p><strong>Rechtsgrundlagen der Verarbeitung personenbezogener Daten<\/strong><\/p>\n<p>Nachfolgend Informieren wir Sie \u00fcber die Rechtsgrundlagen der Verarbeitung personenbezogener Daten:<\/p>\n<p>1. Wenn wir Ihre Einwilligung f\u00fcr die Verarbeitung personenbezogenen Daten eingeholt haben, ist Art. 6 Abs. 1 S. 1 lit. a) DS-GVO Rechtsgrundlage.<\/p>\n<p>2. Ist die Verarbeitung zur Erf\u00fcllung eines Vertrags oder zur Durchf\u00fchrung vorvertraglicher Ma\u00dfnahmen erforderlich, die auf Ihre Anfrage hin erfolgen, so ist Art. 6 Abs. 1 S. 1 lit. b) DS-GVO Rechtsgrundlage.<\/p>\n<p>3. Ist die Verarbeitung zur Erf\u00fcllung einer rechtlichen Verpflichtung erforderlich, der wir unterliegen (z.B. gesetzliche Aufbewahrungspflichten), so ist Art. 6 Abs. 1 S. 1 lit. c) DS-GVO Rechtsgrundlage.<\/p>\n<p>4. Ist die Verarbeitung erforderlich, um lebenswichtige Interessen der betroffenen Person oder einer anderen nat\u00fcrlichen Person zu sch\u00fctzen, so ist Art. 6 Abs. 1 S. 1 lit. d) DS-GVO Rechtsgrundlage.<\/p>\n<p>5. Ist die Verarbeitung zur Wahrung unserer oder der berechtigten Interessen eines Dritten erforderlich und \u00fcberwiegen diesbez\u00fcglich Ihre Interessen oder Grundrechte und Grundfreiheiten nicht, so ist Art. 6 Abs. 1 S. 1 lit. f) DS-GVO Rechtsgrundlage.<\/p>\n<p><strong>Weitergabe personenbezogener Daten an Dritte und Auftragsverarbeiter<\/strong><br \/>\nOhne Ihre Einwilligung geben wir grunds\u00e4tzlich keine Daten an Dritte weiter. Sollte dies doch der Fall sein, dann erfolgt die Weitergabe auf der Grundlage der zuvor genannten Rechtsgrundlagen z.B. bei der Weitergabe von Daten an Online-Paymentanbieter zur Vertragserf\u00fcllung oder aufgrund gerichtlicher Anordnung oder wegen einer gesetzlichen Verpflichtung zur Herausgabe der Daten zum Zwecke der Strafverfolgung, zur Gefahrenabwehr oder zur Durchsetzung der Rechte am geistigen Eigentum. Wir setzen zudem Auftragsverarbeiter (externe Dienstleister z.B. zum Webhosting unserer Websites und Datenbanken) zur Verarbeitung Ihrer Daten ein. Wenn im Rahmen einer Vereinbarung zur Auftragsverarbeitung an die Auftragsverarbeiter Daten weitergegeben werden, erfolgt dies immer nach Art. 28 DS-GVO. Wir w\u00e4hlen dabei unsere Auftragsverarbeiter sorgf\u00e4ltig aus, kontrollieren diese regelm\u00e4\u00dfig und haben uns ein Weisungsrecht hinsichtlich der Daten einr\u00e4umen lassen. Zudem m\u00fcssen die Auftragsverarbeiter geeignete technische und organisatorische Ma\u00dfnahmen getroffen haben und die Datenschutzvorschriften gem. BDSG n.F. und DS-GVO einhalten<\/p>\n<p><strong>Daten\u00fcbermittlung in Drittstaaten<\/strong><br \/>\nDurch die Verabschiedung der europ\u00e4ischen Datenschutz-Grundverordnung (DS-GVO) wurde eine einheitliche Grundlage f\u00fcr den Datenschutz in Europa geschaffen. Ihre Daten werden daher vorwiegend durch Unternehmen verarbeitet, f\u00fcr die DS-GVO Anwendung findet. Sollte doch die Verarbeitung durch Dienste Dritter au\u00dferhalb der Europ\u00e4ischen Union oder des Europ\u00e4ischen Wirtschaftsraums stattfinden, so m\u00fcssen diese die besonderen Voraussetzungen der Art. 44 ff. DS-GVO erf\u00fcllen. Das bedeutet, die Verarbeitung erfolgt aufgrund besonderer Garantien, wie etwa die von der EU-Kommission offiziell anerkannte Feststellung eines der EU entsprechenden Datenschutzniveaus oder der Beachtung offiziell anerkannter spezieller vertraglicher Verpflichtungen, der so genannten \u201eStandardvertragsklauseln\u201c. Bei US-Unternehmen erf\u00fcllt die Unterwerfung unter das sog. \u201ePrivacy-Shield\u201c, dem Datenschutzabkommen zwischen der EU und den USA, diese Voraussetzungen.<\/p>\n<p><strong>L\u00f6schung von Daten und Speicherdauer<\/strong><br \/>\nSofern nicht in dieser Datenschutzerkl\u00e4rung ausdr\u00fccklich angegeben, werden Ihre personenbezogen Daten gel\u00f6scht oder gesperrt, sobald der Zweck f\u00fcr die Speicherung entf\u00e4llt, es sei denn deren weitere Aufbewahrung ist zu Beweiszwecken erforderlich oder dem stehen gesetzliche Aufbewahrungspflichten entgegenstehen. Darunter fallen etwa handelsrechtliche Aufbewahrungspflichten von Gesch\u00e4ftsbriefen nach \u00a7 257 Abs. 1 HGB (6 Jahre) sowie steuerrechtliche Aufbewahrungspflichten nach \u00a7 147 Abs. 1 AO von Belegen (10 Jahre). Wenn die vorgeschriebene Aufbewahrungsfrist abl\u00e4uft, erfolgt eine Sperrung oder L\u00f6schung Ihrer Daten, es sei denn die Speicherung ist weiterhin f\u00fcr einen Vertragsabschluss oder zur Vertragserf\u00fcllung erforderlich.<\/p>\n<p><strong>Bestehen einer automatisierten Entscheidungsfindung<\/strong><br \/>\nWir setzen keine automatische Entscheidungsfindung oder ein Profiling ein.<\/p>\n<p>Bereitstellung unserer Website und Erstellung von Logfiles1. Wenn Sie unsere Webseite lediglich informatorisch nutzen (also keine Registrierung und auch keine anderweitige \u00dcbermittlung von Informationen), erheben wir nur die personenbezogenen Daten, die Ihr Browser an unseren Server \u00fcbermittelt. Wenn Sie unsere Website betrachten m\u00f6chten, erheben wir die folgenden Daten: \u2022 IP-Adresse; \u2022 Internet-Service-Provider des Nutzers; \u2022 Datum und Uhrzeit des Abrufs; \u2022 Browsertyp; \u2022 Sprache und Browser-Version; \u2022 Inhalt des Abrufs; \u2022 Zeitzone; \u2022 Zugriffsstatus\/HTTP-Statuscode; \u2022 Datenmenge; \u2022 Websites, von denen die Anforderung kommt; \u2022 Betriebssystem. Eine Speicherung dieser Daten zusammen mit anderen personenbezogenen Daten von Ihnen findet nicht statt.<\/p>\n","protected":false},"excerpt":{"rendered":"<p>Datenschutz Wir informieren Sie nachfolgend gem\u00e4\u00df den gesetzlichen Vorgaben des Datenschutzrechts (insb. gem\u00e4\u00df BDSG n.F. und der europ\u00e4ischen Datenschutz-Grundverordnung \u201aDS-GVO\u2018) \u00fcber die Art, den Umfang und Zweck der Verarbeitung personenbezogener Daten durch unser Unternehmen. Diese Datenschutzerkl\u00e4rung gilt auch f\u00fcr unsere Websites und Sozial-Media-Profile. Bez\u00fcglich der Definition von Begriffen wie etwa \u201epersonenbezogene Daten\u201c oder \u201eVerarbeitung\u201c verweisen [&hellip;]<\/p>\n","protected":false},"author":3,"featured_media":0,"parent":0,"menu_order":49,"comment_status":"closed","ping_status":"closed","template":"","meta":{"_acf_changed":false,"footnotes":""},"class_list":["post-441","page","type-page","status-publish","hentry"],"acf":[],"_links":{"self":[{"href":"https:\/\/produktionshausnaxos.de\/de-ls\/wp-json\/wp\/v2\/pages\/441","targetHints":{"allow":["GET"]}}],"collection":[{"href":"https:\/\/produktionshausnaxos.de\/de-ls\/wp-json\/wp\/v2\/pages"}],"about":[{"href":"https:\/\/produktionshausnaxos.de\/de-ls\/wp-json\/wp\/v2\/types\/page"}],"author":[{"embeddable":true,"href":"https:\/\/produktionshausnaxos.de\/de-ls\/wp-json\/wp\/v2\/users\/3"}],"replies":[{"embeddable":true,"href":"https:\/\/produktionshausnaxos.de\/de-ls\/wp-json\/wp\/v2\/comments?post=441"}],"version-history":[{"count":2,"href":"https:\/\/produktionshausnaxos.de\/de-ls\/wp-json\/wp\/v2\/pages\/441\/revisions"}],"predecessor-version":[{"id":1857,"href":"https:\/\/produktionshausnaxos.de\/de-ls\/wp-json\/wp\/v2\/pages\/441\/revisions\/1857"}],"wp:attachment":[{"href":"https:\/\/produktionshausnaxos.de\/de-ls\/wp-json\/wp\/v2\/media?parent=441"}],"curies":[{"name":"wp","href":"https:\/\/api.w.org\/{rel}","templated":true}]}}