{"id":437,"date":"2024-11-07T16:37:14","date_gmt":"2024-11-07T15:37:14","guid":{"rendered":"https:\/\/naxos.ms-tmp.de\/?page_id=437"},"modified":"2025-10-02T00:08:13","modified_gmt":"2025-10-01T22:08:13","slug":"impressum","status":"publish","type":"page","link":"https:\/\/produktionshausnaxos.de\/de-ls\/impressum\/","title":{"rendered":"Impressum"},"content":{"rendered":"<h3 class=\"wp-block-post-title\">Impressum<\/h3>\n<p>NAXOS e.V.<br \/>\nWaldschmidtstr. 19<br \/>\n60316 Frankfurt am Main<br \/>\nE-Mail: info@produktionshausnaxos.de<\/p>\n<p>Amtsgericht Frankfurt am Main<br \/>\nRegisterblatt VR 16980<br \/>\nTag der Eintragung: 13.05.2022<br \/>\nVertreten durch Ruth Schr\u00f6fel und Nils Wildegans<\/p>\n<p>Umsatzsteuer-Identifikationsnummer: DE366545802<\/p>\n<div class=\"wp-block-spacer\" aria-hidden=\"true\"><\/div>\n<p><strong>Website<\/strong><\/p>\n<p>Gestaltung: studiotop<\/p>\n<p>Programmierung: Matthias Schmitt<\/p>\n<div class=\"wp-block-spacer\" aria-hidden=\"true\"><\/div>\n<p><strong>HAFTUNGSAUSSCHLUSS<\/strong><\/p>\n<p><strong>Haftung f\u00fcr Inhalte<\/strong><\/p>\n<p>Die Inhalte unserer Seiten wurden mit gr\u00f6\u00dfter Sorgfalt erstellt. F\u00fcr die Richtigkeit, Vollst\u00e4ndigkeit und Aktualit\u00e4t der Inhalte k\u00f6nnen wir jedoch keine Gew\u00e4hr \u00fcbernehmen. Als Diensteanbieter sind wir gem\u00e4\u00df \u00a7 55 RfStV und \u00a7 5 TMG f\u00fcr eigene Inhalte auf diesen Seiten nach den allgemeinen Gesetzen verantwortlich. Diensteanbieter sind jedoch nicht verpflichtet, die von ihnen \u00fcbermittelten oder gespeicherten fremden Informationen zu \u00fcberwachen oder nach Umst\u00e4nden zu forschen, die auf eine rechtswidrige T\u00e4tigkeit hinweisen. Verpflichtungen zur Entfernung oder Sperrung der Nutzung von Informationen nach den allgemeinen Gesetzen bleiben hiervon unber\u00fchrt. Eine diesbez\u00fcgliche Haftung ist jedoch erst ab dem Zeitpunkt der Kenntnis einer konkreten Rechtsverletzung m\u00f6glich. Bei bekannt werden von entsprechenden Rechtsverletzungen werden wir diese Inhalte umgehend entfernen.<\/p>\n<div class=\"wp-block-spacer\" aria-hidden=\"true\"><\/div>\n<p><strong>Haftung f\u00fcr Links<\/strong><\/p>\n<p>Unser Angebot enth\u00e4lt Links zu externen Webseiten Dritter, auf deren Inhalte wir keinen Einfluss haben. Deshalb k\u00f6nnen wir f\u00fcr diese fremden Inhalte auch keine Gew\u00e4hr \u00fcbernehmen. F\u00fcr die Inhalte der verlinkten Seiten ist stets der jeweilige Anbieter oder Betreiber der Seiten verantwortlich. Rechtswidrige Inhalte waren zum Zeitpunkt der Verlinkung nicht erkennbar. Bei bekannt werden von Rechtsverletzungen werden wir derartige Links umgehend entfernen.<\/p>\n<div class=\"wp-block-spacer\" aria-hidden=\"true\"><\/div>\n<p><strong>Urheberrecht<\/strong><\/p>\n<p>Die Betreiber der Seiten sind bem\u00fcht, stets die Urheberrechte anderer zu beachten bzw. auf selbst erstellte sowie lizenzfreie Werke zur\u00fcckzugreifen. Die durch die Seitenbetreiber erstellten Inhalte und Werke auf diesen Seiten unterliegen dem deutschen Urheberrecht. Beitr\u00e4ge Dritter sind als solche gekennzeichnet. Die Vervielf\u00e4ltigung, Bearbeitung, Verbreitung und jede Art der Verwertung au\u00dferhalb der Grenzen des Urheberrechtes bed\u00fcrfen der schriftlichen Zustimmung des jeweiligen Autors bzw. Erstellers. Downloads und Kopien dieser Seite sind nur f\u00fcr den privaten, nicht kommerziellen Gebrauch gestattet.<\/p>\n","protected":false},"excerpt":{"rendered":"<p>Impressum NAXOS e.V. Waldschmidtstr. 19 60316 Frankfurt am Main E-Mail: info@produktionshausnaxos.de Amtsgericht Frankfurt am Main Registerblatt VR 16980 Tag der Eintragung: 13.05.2022 Vertreten durch Ruth Schr\u00f6fel und Nils Wildegans Umsatzsteuer-Identifikationsnummer: DE366545802 Website Gestaltung: studiotop Programmierung: Matthias Schmitt HAFTUNGSAUSSCHLUSS Haftung f\u00fcr Inhalte Die Inhalte unserer Seiten wurden mit gr\u00f6\u00dfter Sorgfalt erstellt. F\u00fcr die Richtigkeit, Vollst\u00e4ndigkeit und [&hellip;]<\/p>\n","protected":false},"author":3,"featured_media":0,"parent":0,"menu_order":45,"comment_status":"closed","ping_status":"closed","template":"","meta":{"_acf_changed":false,"footnotes":""},"class_list":["post-437","page","type-page","status-publish","hentry"],"acf":[],"_links":{"self":[{"href":"https:\/\/produktionshausnaxos.de\/de-ls\/wp-json\/wp\/v2\/pages\/437","targetHints":{"allow":["GET"]}}],"collection":[{"href":"https:\/\/produktionshausnaxos.de\/de-ls\/wp-json\/wp\/v2\/pages"}],"about":[{"href":"https:\/\/produktionshausnaxos.de\/de-ls\/wp-json\/wp\/v2\/types\/page"}],"author":[{"embeddable":true,"href":"https:\/\/produktionshausnaxos.de\/de-ls\/wp-json\/wp\/v2\/users\/3"}],"replies":[{"embeddable":true,"href":"https:\/\/produktionshausnaxos.de\/de-ls\/wp-json\/wp\/v2\/comments?post=437"}],"version-history":[{"count":2,"href":"https:\/\/produktionshausnaxos.de\/de-ls\/wp-json\/wp\/v2\/pages\/437\/revisions"}],"predecessor-version":[{"id":1852,"href":"https:\/\/produktionshausnaxos.de\/de-ls\/wp-json\/wp\/v2\/pages\/437\/revisions\/1852"}],"wp:attachment":[{"href":"https:\/\/produktionshausnaxos.de\/de-ls\/wp-json\/wp\/v2\/media?parent=437"}],"curies":[{"name":"wp","href":"https:\/\/api.w.org\/{rel}","templated":true}]}}