{"id":433,"date":"2024-11-08T09:41:01","date_gmt":"2024-11-08T08:41:01","guid":{"rendered":"https:\/\/naxos.ms-tmp.de\/?page_id=433"},"modified":"2026-03-21T10:33:12","modified_gmt":"2026-03-21T09:33:12","slug":"barrierefreiheit","status":"publish","type":"page","link":"https:\/\/produktionshausnaxos.de\/de-ls\/haus\/barrierefreiheit\/","title":{"rendered":"Barrierefreiheit"},"content":{"rendered":"<p>Wir wollen,<br \/>\ndass Sie sich im Produktions-Haus NAXOS gut zurecht finden.<br \/>\nWir wollen,<br \/>\ndass Sie sich hier wohlf\u00fchlen.<br \/>\nHier finden Sie Infos zur Barrierefreiheit.<br \/>\nUnd wie Sie am besten in unser Haus kommen.<\/p>\n<p>Infos zur Barrierefreiheit von einzelnen Veranstaltungen:<br \/>\nstehen auf der Internet-Seite von der Veranstaltung.<\/p>\n<h3>Leichte Sprache und einfache Sprache<\/h3>\n<p>Die wichtigsten Seiten von unserer Internet-Seite gibt es in Leichter Sprache.<br \/>\nF\u00fcr manche Veranstaltungen gibt es Texte in Einfacher Sprache.<\/p>\n<h3>Barrierefreiheit<\/h3>\n<p>Die Naxos-Halle hat keine Stufen.<br \/>\nDer alte Holzboden ist nicht eben.<br \/>\nUnd er ist an manchen Stellen etwas kaputt.<\/p>\n<p>Es gibt auch eine Audio-Beschreibung von der Naxos-Halle:<\/p>\n<audio class=\"wp-audio-shortcode\" id=\"audio-433-1\" preload=\"none\" style=\"width: 100%;\" controls=\"controls\"><source type=\"audio\/mpeg\" src=\"https:\/\/produktionshausnaxos.de\/wp-content\/uploads\/naxos-hallenbeschreibung.mp3?_=1\" \/><a href=\"https:\/\/produktionshausnaxos.de\/wp-content\/uploads\/naxos-hallenbeschreibung.mp3\">https:\/\/produktionshausnaxos.de\/wp-content\/uploads\/naxos-hallenbeschreibung.mp3<\/a><\/audio>\n<h3><\/h3>\n<h3>Kasse<\/h3>\n<p>Die Kasse f\u00fcr die Karten finden Sie in der Eingangs-Halle.<br \/>\nDie Kasse steht entweder:<br \/>\nIn der Eingangs-Halle links oder rechts.<br \/>\nManchmal ist die Kasse auch an der Bar.<br \/>\nDie Bar ist in der Mitte 85 cm hoch.<br \/>\nDas hei\u00dft: Menschen im Rollstuhl k\u00f6nnen die Bar in der Mitte erreichen.<\/p>\n<h3>Platzwahl<\/h3>\n<p>Wenn es eine Zuschauer-Trib\u00fcne gibt:<br \/>\nDann k\u00f6nnen Rollstuhl-Fahrer nicht \u00fcberall sitzen.<br \/>\nDie Rollstuhl-Pl\u00e4tze sind immer unten im Bereich ohne Stufen.<\/p>\n<p>Andere k\u00f6nnen ihren Platz frei w\u00e4hlen.<br \/>\nWir begleiten Sie auch gerne zu Ihrem Platz.<br \/>\nWenn Sie einen Sitz-Sack oder andere St\u00fchle brauchen:<br \/>\nDann sagen Sie uns das.<br \/>\nper E-Mail oder Telefon<br \/>\nmindestens 3 Tage vor der Veranstaltung.<\/p>\n<p>Sie d\u00fcrfen fr\u00fcher in den Saal:<br \/>\nwenn wir das vorher absprechen.<\/p>\n<p>Das Produktions-Haus NAXOS hat keine Leitlinien auf dem Boden.<br \/>\nDie Leitlinien fehlen.<br \/>\nDenn: Die B\u00fchnen und die Publikums-Bereiche sind beweglich.<br \/>\nSie k\u00f6nnen also an verschiedenen Stellen im Raum stehen.<br \/>\nLeit-Linien f\u00fcr blinde und sehbehinderte Menschen<br \/>\nhelfen Menschen mit Sehbehinderungen.<br \/>\nSo k\u00f6nnen sie im Haus den richtigen Weg finden.<\/p>\n<h3>Toilette<\/h3>\n<p>Es gibt eine barrierefreie Toilette.<br \/>\nDie Toilette finden Sie in der Eingangs-Halle hinter den B\u00fccher-W\u00e4nden.<br \/>\nDie Toilette ist 2,60 x 2,60 Meter gro\u00df.<br \/>\nDie T\u00fcr ist 90 cm breit.<br \/>\nNeben der Toilette ist auf beiden Seiten 90 cm Platz.<br \/>\nDie Sitzh\u00f6he ist 48 cm.<br \/>\nEs gibt ein Waschbecken und einen Spiegel zum Kippen.<\/p>\n<h3>Assistenz-Hunde<\/h3>\n<p>Sie d\u00fcrfen Assistenz-Hunde mitbringen.<br \/>\nWenn Sie einen Assistenz-Hund mitbringen:<br \/>\nDann sagen Sie uns das, wenn Sie Karten bestellen.<\/p>\n<h3>Geb\u00e4rdensprache<\/h3>\n<p>Manche St\u00fccke werden in Deutsche Geb\u00e4rdensprache \u00fcbersetzt.<br \/>\nDas Produktions-Haus NAXOS hat leider noch keine induktive H\u00f6ranlage.<br \/>\n\u00dcber eine induktive H\u00f6ranlage k\u00f6nnen Menschen mit H\u00f6r-Ger\u00e4ten den Ton h\u00f6ren.<\/p>\n<h3>Audio-Beschreibung und Tastf\u00fchrung<\/h3>\n<p>Wir machen Audio-Beschreibungen.<br \/>\nDas hei\u00dft:<br \/>\nWir beschreiben,<br \/>\nwas auf der B\u00fchne passiert.<br \/>\nSo k\u00f6nnen blinde oder sehbehinderte Menschen alles mitbekommen.<br \/>\nAudio-Beschreibungen k\u00f6nnen unterschiedlich sein:<br \/>\n&#8211; als Kunstform<br \/>\n&#8211; oder als Erkl\u00e4rung: was auf der B\u00fchne passiert.<\/p>\n<p>Eine blinde oder sehbehinderte Person hilft uns immer dabei:<br \/>\n&#8211; sie entscheidet mit.<br \/>\n&#8211; sie begleitet den Ablauf.<br \/>\n&#8211; sie schreibt auch Texte.<\/p>\n<p>Sie k\u00f6nnen von uns auch Kopfh\u00f6rer bekommen.<br \/>\nWir haben: halboffene Over Ear-Kopfh\u00f6rer.<br \/>\nSie k\u00f6nnen aber auch Ihre eigenen Kopfh\u00f6rer mitbringen.<br \/>\nDie Kopfh\u00f6rer m\u00fcssen aber einen 3,5 Millimeter Klinken-Stecker haben.<\/p>\n<h3>Begleit-Personen<\/h3>\n<p>Der Eintritt f\u00fcr eine Begleit-Person ist kostenlos.<\/p>\n<h3>Parken<\/h3>\n<p>Parkhaus Mousonturm<br \/>\nWaldschmidtstra\u00dfe 4<br \/>\nDas Parkhaus:<br \/>\nkostet Geld<br \/>\nhat einen Aufzug<br \/>\nhat Parkpl\u00e4tze f\u00fcr Menschen mit Behinderung.<\/p>\n<p>Das Parkhaus Mousonturm ist schr\u00e4g gegen\u00fcber vom Produktions-Haus NAXOS.<\/p>\n<p>Parken an der Naxos-Halle<br \/>\nTaxis und Fahrdienste k\u00f6nnen durch die Schranke fahren.<br \/>\nSie k\u00f6nnen dann bequem aussteigen und zum Eingang kommen.<br \/>\nWenn Sie einen Parkplatz direkt an der Naxos-Halle brauchen.<br \/>\nOder wenn Sie eine Begleitung brauchen:<br \/>\nDann sagen Sie uns mindestens 3 Tage vorher Bescheid.<\/p>\n<p><strong>Schreiben Sie uns eine E-Mail: info@produktionshausnaxos.de<\/strong><br \/>\n<strong>Oder rufen Sie uns an: 0176 55 55 93 93<\/strong><\/p>\n<h3>Wegbeschreibung<\/h3>\n<p>Wir haben f\u00fcr Sie diese Weg-Beschreibungen:<br \/>\nvon der U-Bahn-Haltestelle Merianplatz bis zu unserem<br \/>\nEingang:<\/p>\n<audio class=\"wp-audio-shortcode\" id=\"audio-433-2\" preload=\"none\" style=\"width: 100%;\" controls=\"controls\"><source type=\"audio\/mpeg\" src=\"https:\/\/produktionshausnaxos.de\/wp-content\/uploads\/naxos-wegbeschreibung-merianplatz1.mp3?_=2\" \/><a href=\"https:\/\/produktionshausnaxos.de\/wp-content\/uploads\/naxos-wegbeschreibung-merianplatz1.mp3\">https:\/\/produktionshausnaxos.de\/wp-content\/uploads\/naxos-wegbeschreibung-merianplatz1.mp3<\/a><\/audio>\n<p>&nbsp;<\/p>\n<p>Von der Stra\u00dfenbahn-Haltestelle Waldschmidtstra\u00dfe bis zu unserem Eingang:<\/p>\n<audio class=\"wp-audio-shortcode\" id=\"audio-433-3\" preload=\"none\" style=\"width: 100%;\" controls=\"controls\"><source type=\"audio\/mpeg\" src=\"https:\/\/produktionshausnaxos.de\/wp-content\/uploads\/naxos-wegbeschreibung-waldschmidtstr.mp3?_=3\" \/><a href=\"https:\/\/produktionshausnaxos.de\/wp-content\/uploads\/naxos-wegbeschreibung-waldschmidtstr.mp3\">https:\/\/produktionshausnaxos.de\/wp-content\/uploads\/naxos-wegbeschreibung-waldschmidtstr.mp3<\/a><\/audio>\n<h3><\/h3>\n<p>&nbsp;<\/p>\n<h3>Kunst f\u00fcr alle<\/h3>\n<p>Wir wollen, dass alle Menschen Kunst erleben k\u00f6nnen.<br \/>\nIm Jahr 2023 gab es zum ersten Mal eine Tanz-Auff\u00fchrung mit<br \/>\nAudio-Beschreibung.<br \/>\nSo konnten blinde Menschen die Auff\u00fchrung auch erleben.<br \/>\nDie Tanz-Auff\u00fchrung hie\u00df: Kolonos.<br \/>\nDie Gruppe Dorfproduct hat diese Tanz-Auff\u00fchrung gemacht.<br \/>\nLeiter war Simon M\u00f6llendorf.<\/p>\n<p>Das Theater Willy Praml hat f\u00fcr ein Theaterst\u00fcck eine Schauspielerin<br \/>\nmit Down-Syndrom aufgenommen.<br \/>\nDas Theaterst\u00fcck hei\u00dft: Julien Green. Der Feind.<\/p>\n<p>Die Gruppe Eleganz aus Reflex hat im Oktober 2024<br \/>\n2 Auff\u00fchrungen gezeigt.<br \/>\nDie Auff\u00fchrungen hie\u00dfen: Macht endlich das Licht an!<br \/>\nSie waren in Deutscher Geb\u00e4rden-Sprache.<\/p>\n<p>Unsere St\u00fccke sprechen auch \u00fcber Behinderung und Vorurteile.<br \/>\nIm November 2025 planen wir eine Auff\u00fchrung zum Thema:<br \/>\nLong COVID.<br \/>\nDabei sprechen wir auch \u00fcber Crip Time.<br \/>\nCrip Time ist Englisch und bedeutet Kr\u00fcppel-Zeit.<br \/>\nCrip hei\u00dft Kr\u00fcppel.<br \/>\nFr\u00fcher war es ein Schimpfwort f\u00fcr Menschen mit Behinderung.<br \/>\nHeute benutzen es manche Menschen mit Behinderung selbst.<br \/>\nSo wollen sie zeigen:<br \/>\nWir bestimmen,<br \/>\nwie wir \u00fcber uns sprechen.<br \/>\nF\u00fcr uns bedeutet Crip Time:<br \/>\nZeit kann unterschiedlich sein.<br \/>\nMan darf langsamer arbeiten.<br \/>\nMan darf sich erholen,<br \/>\nwenn man es braucht.<\/p>\n<h3>Das ist uns wichtig<\/h3>\n<p>Wir sprechen mit Politikern und Politikerinnen.<br \/>\nSo wollen wir Barrierefreiheit verbessern.<br \/>\nWir sprechen mit Vereinen und Einrichtungen.<br \/>\nDiese vertreten unsere Besucher und Besucherinnen mit Behinderungen.<br \/>\nWir machen Kunst f\u00fcr Menschen mit Behinderung.<br \/>\nDie Kunst soll keine oder nur wenige Barrieren haben.<br \/>\nWir arbeiten mit Beratern und Beraterinnen zusammen.<br \/>\nSie haben selbst verschiedene Behinderungen.<br \/>\nIhre Meinungen sind f\u00fcr uns sehr wichtig.<\/p>\n<h3>R\u00fcckmeldung<\/h3>\n<p>Wenn Sie Fragen zur Barrierefreiheit oder W\u00fcnsche haben:<br \/>\nDann freuen wir uns \u00fcber Ihre R\u00fcckmeldung.<br \/>\n<strong>Schreiben Sie uns eine E-Mail: info@produktionshausnaxos.de<\/strong><br \/>\n<strong>Oder rufen Sie uns an: 0173 6515025<\/strong><\/p>\n<h3>Gut zu wissen<\/h3>\n<h4>Heimweg-Telefon<\/h4>\n<p>Das Heimweg-Telefon ist f\u00fcr alle:<br \/>\ndie nachts unterwegs sind und<br \/>\ndie sich dabei unwohl f\u00fchlen.<\/p>\n<p>Mitarbeitende vom Heimweg-Telefon begleiten Sie am Telefon auf Ihrem Nachhause-Weg.<br \/>\nUnd zwar \u00fcberall in Deutschland.<br \/>\nTelefon: 030 \u2013 120 741 82<br \/>\nZeiten:<br \/>\nSonntag bis Donnerstag: 21:00 Uhr bis 24:00 Uhr<br \/>\nFreitag und Samstag: 21:00 Uhr bis 03:00 Uhr<br \/>\nWeitere Infos: <a href=\"http:\/\/www.heimwegtelefon.net\">www.heimwegtelefon.net<\/a><\/p>\n<h4>VGF-Fahrgast-Begleit-Service<\/h4>\n<p>Wenn Sie in Frankfurt mit Bus und Bahn unterwegs sind:<br \/>\nDann hilft Ihnen gerne auch der VGF-Fahrgast-Begleit-Service.<br \/>\nDie Mitarbeitenden vom VGF-Fahrgast-Begleit-Service:<br \/>\nHolen Sie an der Wohnungst\u00fcr ab und bringen Sie zur Veranstaltung.<br \/>\nBegleiten Sie zur Wohnung zur\u00fcck.<br \/>\nTragen VGF-Dienstkleidung.<br \/>\nHaben einen Dienstausweis.<br \/>\nDarauf steht: Fahrgast-Begleit-Service.<br \/>\nZeiten f\u00fcr die Begleitung:<br \/>\nMontag bis Freitag: 07:00 Uhr bis 21:00 Uhr.<br \/>\nSamstag: 10:00 Uhr bis 17:30 Uhr.<br \/>\nBuchung:<br \/>\nSie m\u00fcssen sich anmelden.<br \/>\nUnd den Begleit-Service mindestens eine Woche im Voraus buchen!<br \/>\nRufen Sie an:<br \/>\nVon Montag bis Freitag von 08:00 Uhr bis 15:00 Uhr.<br \/>\nTelefon: 069 \u2013 213 231 88<br \/>\nKosten:<br \/>\nDas Angebot ist kostenlos.<br \/>\nSie brauchen nur eine Fahrkarte.<br \/>\nWeitere Infos: <a href=\"http:\/\/www.rmv.de\">www.rmv.de<\/a><\/p>\n","protected":false},"excerpt":{"rendered":"<p>Wir wollen, dass Sie sich im Produktions-Haus NAXOS gut zurecht finden. Wir wollen, dass Sie sich hier wohlf\u00fchlen. Hier finden Sie Infos zur Barrierefreiheit. Und wie Sie am besten in unser Haus kommen. Infos zur Barrierefreiheit von einzelnen Veranstaltungen: stehen auf der Internet-Seite von der Veranstaltung. Leichte Sprache und einfache Sprache Die wichtigsten Seiten von [&hellip;]<\/p>\n","protected":false},"author":3,"featured_media":0,"parent":744,"menu_order":30,"comment_status":"closed","ping_status":"closed","template":"","meta":{"_acf_changed":false,"footnotes":""},"class_list":["post-433","page","type-page","status-publish","hentry"],"acf":[],"_links":{"self":[{"href":"https:\/\/produktionshausnaxos.de\/de-ls\/wp-json\/wp\/v2\/pages\/433","targetHints":{"allow":["GET"]}}],"collection":[{"href":"https:\/\/produktionshausnaxos.de\/de-ls\/wp-json\/wp\/v2\/pages"}],"about":[{"href":"https:\/\/produktionshausnaxos.de\/de-ls\/wp-json\/wp\/v2\/types\/page"}],"author":[{"embeddable":true,"href":"https:\/\/produktionshausnaxos.de\/de-ls\/wp-json\/wp\/v2\/users\/3"}],"replies":[{"embeddable":true,"href":"https:\/\/produktionshausnaxos.de\/de-ls\/wp-json\/wp\/v2\/comments?post=433"}],"version-history":[{"count":6,"href":"https:\/\/produktionshausnaxos.de\/de-ls\/wp-json\/wp\/v2\/pages\/433\/revisions"}],"predecessor-version":[{"id":2733,"href":"https:\/\/produktionshausnaxos.de\/de-ls\/wp-json\/wp\/v2\/pages\/433\/revisions\/2733"}],"up":[{"embeddable":true,"href":"https:\/\/produktionshausnaxos.de\/de-ls\/wp-json\/wp\/v2\/pages\/744"}],"wp:attachment":[{"href":"https:\/\/produktionshausnaxos.de\/de-ls\/wp-json\/wp\/v2\/media?parent=433"}],"curies":[{"name":"wp","href":"https:\/\/api.w.org\/{rel}","templated":true}]}}