{"id":1778,"date":"2024-11-08T19:04:50","date_gmt":"2024-11-08T18:04:50","guid":{"rendered":"http:\/\/dev.produktionshausnaxos.de\/foerderer\/"},"modified":"2026-01-12T15:08:12","modified_gmt":"2026-01-12T14:08:12","slug":"foerderer","status":"publish","type":"page","link":"https:\/\/produktionshausnaxos.de\/de-ls\/haus\/foerderer\/","title":{"rendered":"F\u00f6rder*innen &#038; Partner*innen"},"content":{"rendered":"<p>Das Kulturamt Frankfurt am Main unterst\u00fctzt das Produktions-Haus NAXOS.<\/p>\n<p>Und auch das Programm Next Steps f\u00f6rdert das Produktions-Haus NAXOS.<br \/>\nDas Programm Next Steps hilft T\u00e4nzern und T\u00e4nzerinnen in ganz Hessen.<br \/>\nEs macht ihre Arbeit st\u00e4rker und sichtbarer.<br \/>\nDie Crespo Foundation gibt Geld f\u00fcr dieses Programm.<br \/>\nSo bekommen viele T\u00e4nzer und T\u00e4nzerinnen Unterst\u00fctzung.<\/p>\n<p>Die Stadt Frankfurt am Main bezahlt unsere barrierefreie Internet-Seite.<br \/>\nGenauer gesagt: die Abteilung f\u00fcr Vielfalt, gegen Diskriminierung und \u00a0f\u00fcr gesellschaftlichen Zusammenhalt.<br \/>\nSo k\u00f6nnen mehr Menschen die Informationen gut nutzen.<\/p>\n<p>Au\u00dferdem geben auch andere Stellen Geld f\u00fcr einzelne Theater-St\u00fccke im Produktions-Haus NAXOS.<br \/>\nDie Geld-Geber sind:<\/p>\n<p>Kulturfonds Frankfurt Rhein Main<br \/>\nFonds Darstellende K\u00fcnste<br \/>\nHessisches Ministerium f\u00fcr Wissenschaft, Forschung, Kunst und Kultur<br \/>\nAmt f\u00fcr multikulturelle Angelegenheiten<br \/>\nFrauenreferat Frankfurt am Main<br \/>\nDoktor Marschner Stiftung<br \/>\nNaspa Stiftung.<\/p>\n<p>Wir arbeiten eng zusammen mit:<\/p>\n<p>Netzwerk Freie Theater<br \/>\nHessische Theaterakademie<br \/>\nJapanisches Filmfestival Nippon Connection.<\/p>\n","protected":false},"excerpt":{"rendered":"<p>Das Kulturamt Frankfurt am Main unterst\u00fctzt das Produktions-Haus NAXOS. Und auch das Programm Next Steps f\u00f6rdert das Produktions-Haus NAXOS. Das Programm Next Steps hilft T\u00e4nzern und T\u00e4nzerinnen in ganz Hessen. Es macht ihre Arbeit st\u00e4rker und sichtbarer. Die Crespo Foundation gibt Geld f\u00fcr dieses Programm. So bekommen viele T\u00e4nzer und T\u00e4nzerinnen Unterst\u00fctzung. Die Stadt Frankfurt [&hellip;]<\/p>\n","protected":false},"author":3,"featured_media":0,"parent":744,"menu_order":35,"comment_status":"closed","ping_status":"closed","template":"","meta":{"_acf_changed":false,"footnotes":""},"class_list":["post-1778","page","type-page","status-publish","hentry"],"acf":[],"_links":{"self":[{"href":"https:\/\/produktionshausnaxos.de\/de-ls\/wp-json\/wp\/v2\/pages\/1778","targetHints":{"allow":["GET"]}}],"collection":[{"href":"https:\/\/produktionshausnaxos.de\/de-ls\/wp-json\/wp\/v2\/pages"}],"about":[{"href":"https:\/\/produktionshausnaxos.de\/de-ls\/wp-json\/wp\/v2\/types\/page"}],"author":[{"embeddable":true,"href":"https:\/\/produktionshausnaxos.de\/de-ls\/wp-json\/wp\/v2\/users\/3"}],"replies":[{"embeddable":true,"href":"https:\/\/produktionshausnaxos.de\/de-ls\/wp-json\/wp\/v2\/comments?post=1778"}],"version-history":[{"count":5,"href":"https:\/\/produktionshausnaxos.de\/de-ls\/wp-json\/wp\/v2\/pages\/1778\/revisions"}],"predecessor-version":[{"id":2316,"href":"https:\/\/produktionshausnaxos.de\/de-ls\/wp-json\/wp\/v2\/pages\/1778\/revisions\/2316"}],"up":[{"embeddable":true,"href":"https:\/\/produktionshausnaxos.de\/de-ls\/wp-json\/wp\/v2\/pages\/744"}],"wp:attachment":[{"href":"https:\/\/produktionshausnaxos.de\/de-ls\/wp-json\/wp\/v2\/media?parent=1778"}],"curies":[{"name":"wp","href":"https:\/\/api.w.org\/{rel}","templated":true}]}}