{"id":1382,"date":"2025-09-29T15:37:55","date_gmt":"2025-09-29T13:37:55","guid":{"rendered":"https:\/\/naxos.ms-tmp.de\/das-produktionshaus-naxos\/"},"modified":"2025-10-01T22:05:08","modified_gmt":"2025-10-01T20:05:08","slug":"das-produktionshaus-naxos","status":"publish","type":"page","link":"https:\/\/produktionshausnaxos.de\/de-ls\/haus\/das-produktionshaus-naxos\/","title":{"rendered":"Das Produktionshaus NAXOS"},"content":{"rendered":"<p>Das Produktionshaus NAXOS \u2013 ein Haus der Frei-Produzierenden \u2013 steht f\u00fcr eine offene, selbstorganisierte Struktur k\u00fcnstlerischer Arbeit \u2013 jenseits institutioneller Routinen. Als Ort der Auseinandersetzung mit gesellschaftlicher Realit\u00e4t ist es kollektiv getragen und interdisziplin\u00e4r gedacht.<\/p>\n<p>Von K\u00fcnstler*innen f\u00fcr K\u00fcnstler*innen entwickelt, schafft NAXOS Raum f\u00fcr k\u00fcnstlerisches Arbeiten in seiner ganzen Vielfalt \u2013 zug\u00e4nglich, prozessorientiert und mit klarem gesellschaftlichem Bezug. Die Struktur ist nicht statisch, sondern versteht sich als gemeinschaftlich gestaltbarer Rahmen.<br \/>\nExperimentelle Tanzst\u00fccke im kleinen Rahmen treffen auf Sprechtheater, das die ganze Weite der Halle nutzt. Politische Veranstaltungen geh\u00f6ren ebenso zur Identit\u00e4t des Hauses wie die offenen Formate f\u00fcr den Stadtteil.<\/p>\n<p>In einer unsanierten Industriehalle ohne Zentralheizung entstehen pragmatische Kunstgemeinschaften, die nicht blo\u00df Harmonie, sondern Haltung suchen. Streitkultur ist uns wichtig \u2013 sie ist Grundlage unseres Zusammenlebens und Motor unserer k\u00fcnstlerischen Prozesse. NAXOS ist ein Ort, an dem man sich begegnet, \u00fcber die Arbeiten der anderen spricht, sich reibt, streitet, weiterdenkt.<\/p>\n<p>&nbsp;<\/p>\n<p><strong>Entstehung &amp; Leitung<\/strong><\/p>\n<p>Mitten in Frankfurt entstand das Produktionshaus NAXOS aus der langj\u00e4hrigen Zusammenarbeit von Theater Willy Praml, studioNAXOS, Eleganz aus Reflex, Stange Produktionen und Dorfproduct. Unter dem Dach der Naxoshalle vereint es verschiedene Generationen darstellender K\u00fcnstler*innen und bietet eine kontinuierliche Plattform f\u00fcr freie, innovative Theaterarbeit.<br \/>\nDie derzeitige Leitung \u00fcbernehmen Birgit Heuser, Simon M\u00f6llendorf, Michael Weber und Nils Wildegans.<\/p>\n<p>&nbsp;<\/p>\n<p><strong>Mehr als Theater<\/strong><\/p>\n<p>Zum Produktionshaus NAXOS geh\u00f6ren auch das naxos.Kino und die Naxos Hallenkonzerte.<br \/>\nDas naxos.Kino widmet sich dienstags dem Dokumentarfilm. Im Anschluss an die Vorf\u00fchrungen finden Gespr\u00e4che mit Regisseur*innen oder Expert*innen statt, um gesellschaftspolitische Themen zu vertiefen.<br \/>\nDie Naxos Hallenkonzerte pr\u00e4sentieren monatlich ein vielf\u00e4ltiges musikalisches Programm \u2013 von Klassik \u00fcber Neue Musik bis zu experimenteller Elektronik \u2013 und er\u00f6ffnen Raum f\u00fcr interdisziplin\u00e4re Projekte. Beide Formate erweitern das k\u00fcnstlerische Spektrum des Hauses und schaffen R\u00e4ume f\u00fcr Austausch und Reflexion.<\/p>\n<p>&nbsp;<\/p>\n<p><strong>Autonom, kollektiv, zug\u00e4nglich<\/strong><\/p>\n<p>K\u00fcnstler*innen arbeiten bei uns autonom und selbstbestimmt \u2013 und werden dabei vom Haus mit technischer Expertise und organisatorischer Unterst\u00fctzung begleitet. Entscheidungen treffen wir gemeinschaftlich, auch unser Programm entsteht in Kooperation mit der Freien Szene: Eine Jury, die sich aus Vertreter*innen von ID_Frankfurt, laPROF Hessen e.V. und Vertreter*innen des Leitungsteams des Produktionshauses zusammensetzt, entscheidet \u00fcber die eingereichten Projekte.<\/p>\n<p>Die Arbeitsweise des Produktionshauses NAXOS ist gepr\u00e4gt von einer gelebten Praxis des Miteinanders, die auf gegenseitiger Achtung beruht.<\/p>\n<p>&nbsp;<\/p>\n<p><strong>Vielf\u00e4ltige R\u00e4ume \u2013 ein gemeinsames Haus<\/strong><\/p>\n<p>Die Naxoshalle bietet unterschiedliche r\u00e4umliche Bedingungen: von der gro\u00dfen Halle \u00fcber eine kompakte Blackbox bis zur offenen Bar \u2013 meist mit nat\u00fcrlichem Tageslicht, auf Wunsch mit Tanzschwingboden. Diese Vielfalt erm\u00f6glicht zahlreiche Formate: Performance, Sprechtheater, Tanz, Forschung und interdisziplin\u00e4re Ans\u00e4tze.<\/p>\n<p>&nbsp;<\/p>\n<p><strong>Barrierefreiheit<\/strong><\/p>\n<p>Das Produktionshaus NAXOS hat eine offene und inklusive Haltung und engagiert sich aktiv daf\u00fcr, barrierearme Angebote zu gestalten.<br \/>\nWir arbeiten kontinuierlich daran, Zugangsh\u00fcrden zu erkennen und abzubauen, stets begleitet von der Expertise und im Dialog mit den Nutzer*innengruppen mit unterschiedlichen Behinderungen, sowie im Austausch mit der Freien Szene \u2013 unter den Bedingungen einer selbstverwalteten Struktur.<\/p>\n<p>Weitere Informationen finden sich auf der Seite \u00fcber die Barrierefreiheit.<\/p>\n<p>&nbsp;<\/p>\n<p><strong>Verortung und Verantwortung<\/strong><\/p>\n<p>Die Naxoshalle liegt mitten in Frankfurt, in direkter Nachbarschaft zum Jugendladen NaxosAtelier, Initiativen und Galerien. Diese N\u00e4he schafft einen &#8220;Dritten Raum&#8221;, in dem k\u00fcnstlerische Praxis, Stadtgesellschaft und politische Fragen ineinandergreifen.<br \/>\nSeit Jahren ist das Produktionshaus NAXOS ein verl\u00e4sslicher kulturpolitischer Akteur der Freien Szene in Frankfurt und Hessen.<\/p>\n<p>&nbsp;<\/p>\n<p><strong>NAXOS ist keine Insel<\/strong><\/p>\n<p>Das Haus ist regional, national und international vernetzt \u2013 unter anderem mit der Hessischen Theaterakademie, dem Netzwerk Freier Theater und ID_Frankfurt.<br \/>\nDas Produktionshaus NAXOS steht f\u00fcr kollaborative Produktionsweisen, f\u00fcr Solidarit\u00e4t und f\u00fcr eine k\u00fcnstlerische Praxis, die auf gesellschaftliche Beweglichkeit antwortet.<\/p>\n<p>&nbsp;<\/p>\n<p><strong>F\u00f6rderung<\/strong><\/p>\n<p>Das Produktionshaus NAXOS wird gef\u00f6rdert durch das Kulturamt Frankfurt am Main.<\/p>\n<p>Unterst\u00fctzt im Rahmen von Next Steps, ein Programm von Bureau Ritter zur St\u00e4rkung der Tanzschaffenden in Hessen. Gef\u00f6rdert von der Crespo Foundation.<\/p>\n<p>Gef\u00f6rdert vom Dezernat B\u00fcrgermeisterin, Diversit\u00e4t, Antidiskriminierung und gesellschaftlicher Zusammenhalt Frankfurt am Main f\u00fcr die barrierefreie Website.<\/p>\n<p>Weitere wichtige F\u00f6rder*innen einzelner Produktionen, die am Produktionshaus NAXOS gezeigt werden: Kulturfonds Frankfurt RheinMain, Fonds Darstellende K\u00fcnste aus Mitteln des Beauftragten der Bundesregierung f\u00fcr Kultur und Medien, Hessisches Ministerium f\u00fcr Wissenschaft und Forschung, Kunst und Kultur, Amt f\u00fcr multikulturelle Angelegenheiten Frankfurt am Main, Frauenreferat Frankfurt am Main, Dr. Marschner Stiftung, Naspa Stiftung.<\/p>\n<p>In Kooperation mit dem Netzwerk Freie Theater (NFT), der Hessischen Theaterakademie (HTA) und dem Japanischen Filmfestival Nippon Connection.<\/p>\n","protected":false},"excerpt":{"rendered":"<p>Das Produktionshaus NAXOS \u2013 ein Haus der Frei-Produzierenden \u2013 steht f\u00fcr eine offene, selbstorganisierte Struktur k\u00fcnstlerischer Arbeit \u2013 jenseits institutioneller Routinen. Als Ort der Auseinandersetzung mit gesellschaftlicher Realit\u00e4t ist es kollektiv getragen und interdisziplin\u00e4r gedacht. Von K\u00fcnstler*innen f\u00fcr K\u00fcnstler*innen entwickelt, schafft NAXOS Raum f\u00fcr k\u00fcnstlerisches Arbeiten in seiner ganzen Vielfalt \u2013 zug\u00e4nglich, prozessorientiert und mit [&hellip;]<\/p>\n","protected":false},"author":4,"featured_media":0,"parent":744,"menu_order":24,"comment_status":"closed","ping_status":"closed","template":"blocks","meta":{"_acf_changed":false,"footnotes":""},"class_list":["post-1382","page","type-page","status-publish","hentry"],"acf":[],"_links":{"self":[{"href":"https:\/\/produktionshausnaxos.de\/de-ls\/wp-json\/wp\/v2\/pages\/1382","targetHints":{"allow":["GET"]}}],"collection":[{"href":"https:\/\/produktionshausnaxos.de\/de-ls\/wp-json\/wp\/v2\/pages"}],"about":[{"href":"https:\/\/produktionshausnaxos.de\/de-ls\/wp-json\/wp\/v2\/types\/page"}],"author":[{"embeddable":true,"href":"https:\/\/produktionshausnaxos.de\/de-ls\/wp-json\/wp\/v2\/users\/4"}],"replies":[{"embeddable":true,"href":"https:\/\/produktionshausnaxos.de\/de-ls\/wp-json\/wp\/v2\/comments?post=1382"}],"version-history":[{"count":5,"href":"https:\/\/produktionshausnaxos.de\/de-ls\/wp-json\/wp\/v2\/pages\/1382\/revisions"}],"predecessor-version":[{"id":1840,"href":"https:\/\/produktionshausnaxos.de\/de-ls\/wp-json\/wp\/v2\/pages\/1382\/revisions\/1840"}],"up":[{"embeddable":true,"href":"https:\/\/produktionshausnaxos.de\/de-ls\/wp-json\/wp\/v2\/pages\/744"}],"wp:attachment":[{"href":"https:\/\/produktionshausnaxos.de\/de-ls\/wp-json\/wp\/v2\/media?parent=1382"}],"curies":[{"name":"wp","href":"https:\/\/api.w.org\/{rel}","templated":true}]}}